{"id":140,"date":"2023-01-24T10:56:37","date_gmt":"2023-01-24T10:56:37","guid":{"rendered":"https:\/\/environnement.prevor.com\/?page_id=140"},"modified":"2023-11-22T09:15:24","modified_gmt":"2023-11-22T09:15:24","slug":"haeufig-gestellte-fragen-faq","status":"publish","type":"page","link":"https:\/\/environnement.prevor.com\/de\/frequently-asked-questions-faq\/","title":{"rendered":"H\u00e4ufig gestellte Fragen (FAQ)"},"content":{"rendered":"<div id=\"rank-math-faq\" class=\"rank-math-block\">\n<div class=\"rank-math-list\">\n<div id=\"faq-question-1677247686725\" class=\"rank-math-list-item\">\n<h3 class=\"rank-math-question\">In meinem Betrieb wird mit mehreren Chemikalien gearbeitet, welche Ausr\u00fcstung empfehlen Sie mir?<\/h3>\n<div class=\"rank-math-answer\">\n\n<p>In order to simplify your safety protocols and your purchases, we recommend the <a href=\"https:\/\/environnement.prevor.com\/de\/produkt\/trivorex\/\">TRIVOREX\u00ae<\/a> neutralizing absorbent, a versatile solution for all types of chemical spills, even very hazardous.<br \/>Or you can do the <a href=\"https:\/\/environnement.prevor.com\/de\/start-leckagen-identifizierung\/\">spill diagnosis<\/a>!<\/p>\n\n<\/div>\n<\/div>\n<div id=\"faq-question-1677247701313\" class=\"rank-math-list-item\">\n<h3 class=\"rank-math-question\">Wie erhalte ich genaue Informationen \u00fcber das Risiko der versch\u00fctteten Stoffe?<\/h3>\n<div class=\"rank-math-answer\">\n\n<p>Beziehen Sie sich dazu auf das mit dem Produkt gelieferte SDB (Sicherheitsdatenblatt), das Chemikalien zwingend beigelegt sein muss.<\/p>\n\n<\/div>\n<\/div>\n<div id=\"faq-question-1677247903940\" class=\"rank-math-list-item\">\n<h3 class=\"rank-math-question\">Was tun, wenn das neutralisierende Absorptionsmittel (ACICAPTAL\u00ae, BASICAPTAL\u00ae oder TRIVOREX\u00ae) rosa oder blau bleibt ?<\/h3>\n<div class=\"rank-math-answer\">\n\n<p class=\"translation-block\">Es ist m\u00f6glich, dass der versch\u00fcttete Stoff f\u00fcr die Initiierung der Neutralisationsreaktion zu hoch konzentriert ist. In diesem Fall das Absorptionsmittel ganz einfach mit <a href=\"\/de\/produkte\/levert\/\">LeVert<\/a> (oder eventuell Wasser) befeuchten, um die Neutralisation zu beschleunigen und zu beenden.<\/p>\n\n<\/div>\n<\/div>\n<div id=\"faq-question-1677247904634\" class=\"rank-math-list-item\">\n<h3 class=\"rank-math-question\">Was passiert, wenn ich das neutralisierende Absorptionsmittel ACICAPTAL\u00ae auf einer Lauge verwende?<\/h3>\n<div class=\"rank-math-answer\">\n\n<p>Die Lauge wird aufgesaugt und das Puder wird zur Anzeige der Gefahr blau, eine Neutralisation findet jedoch nicht statt. Eine gef\u00e4hrliche chemische Reaktion tritt nicht ein.<\/p>\n\n<\/div>\n<\/div>\n<div id=\"faq-question-1677247905293\" class=\"rank-math-list-item\">\n<h3 class=\"rank-math-question\">Was passiert, wenn ich das neutralisierende Absorptionsmittel BASICAPTAL\u00ae auf einer S\u00e4ure verwende ?<\/h3>\n<div class=\"rank-math-answer\">\n\n<p>Die S\u00e4ure wird aufgesaugt und das Puder wird zur Anzeige der Gefahr rosa, eine Neutralisation findet jedoch nicht statt. Eine gef\u00e4hrliche chemische Reaktion tritt nicht ein.<\/p>\n\n<\/div>\n<\/div>\n<div id=\"faq-question-1677247906217\" class=\"rank-math-list-item\">\n<h3 class=\"rank-math-question\">Setzen die Absorptionsmittel von PREVOR die Fl\u00fcssigkeiten wieder frei?<\/h3>\n<div class=\"rank-math-answer\">\n\n<p>Dank ihrer Verfestigungsf\u00e4higkeit nach der Absorption setzt keines unserer Absorptionsmittel die bereits aufgenommenen Fl\u00fcssigkeiten wieder frei.<\/p>\n\n<\/div>\n<\/div>\n<div id=\"faq-question-1677247907613\" class=\"rank-math-list-item\">\n<h3 class=\"rank-math-question\">Sind R\u00fcckst\u00e4nde eines entz\u00fcndbaren Stoffs auch nach der Absorption weiterhin entz\u00fcndbar?<\/h3>\n<div class=\"rank-math-answer\">\n\n<p>Nach der Absorption eines versch\u00fctteten entz\u00fcndbaren Stoffs ist das Risiko reduziert, das Produkt bleibt aber weiterhin entz\u00fcndbar.<\/p>\n\n<\/div>\n<\/div>\n<div id=\"faq-question-1677247908580\" class=\"rank-math-list-item\">\n<h3 class=\"rank-math-question\">Haben die Absorptionsmittel von PREVOR ein Verfalldatum?<\/h3>\n<div class=\"rank-math-answer\">\n\n<p>Nein. Wenn die Verpackung immer gut verschlossen ist, beh\u00e4lt das Absorptionsmittel seine absorbierenden Eigenschaften und kann weiter verwendet werden.<\/p>\n\n<\/div>\n<\/div>\n<div id=\"faq-question-1677247909375\" class=\"rank-math-list-item\">\n<h3 class=\"rank-math-question\">K\u00f6nnen chemische Stoffe, die durch ACICAPTAL\u00ae oder BASICAPTAL\u00ae neutralisiert wurden, als nicht gef\u00e4hrliche Abf\u00e4lle entsorgt werden?<\/h3>\n<div class=\"rank-math-answer\">\n\n<p class=\"translation-block\">Nur bestimmte \u00e4tzende Produkte, die durch den polyvalenten Chemikalienbinder <a href=\"\/de\/produkte\/trivorex\/\">TRIVOREX\u00ae<\/a> neutralisiert wurden, k\u00f6nnen als nicht gef\u00e4hrliche Abf\u00e4lle (ngA) entsorgt werden. Siehe Liste der herabstufbaren Produkte.<\/p>\n\n<\/div>\n<\/div>\n<div id=\"faq-question-1677247910177\" class=\"rank-math-list-item\">\n<h3 class=\"rank-math-question\">Kann die Dekontaminationsl\u00f6sung LeVert auf menschlicher Haut verwendet werden?<\/h3>\n<div class=\"rank-math-answer\">\n\n<p class=\"translation-block\">Die Dekontaminationsl\u00f6sung <a href=\"\/de\/produkte\/levert\/\">LeVert<\/a> wird auf pers\u00f6nlichen Schutzausr\u00fcstungen eingesetzt, darf aber nicht auf Haut oder Schleimh\u00e4uten verwendet werden. F\u00fcr die Behandlung von Ver\u00e4tzungen bieten wir Ihnen andere geeignete L\u00f6sungen. Wir empfehlen Ihnen hierf\u00fcr die <a href=\"https:\/\/www.prevor.com\/de\/previn\/\">PREVIN\u00ae-L\u00f6sung<\/a><\/p>\n\n<\/div>\n<\/div>\n<div id=\"faq-question-1677247910949\" class=\"rank-math-list-item\">\n<h3 class=\"rank-math-question\">Unter welchen Bedingungen kann ein durch TRIVOREX\u00ae neutralisierter Gefahrstoff als nicht gef\u00e4hrlicher Abfall (ngA) entsorgt werden?<\/h3>\n<div class=\"rank-math-answer\">\n\n<p class=\"translation-block\">Durch <a href=\"\/de\/produkte\/trivorex\/\">TRIVOREX\u00ae<\/a> gebildete Abf\u00e4lle k\u00f6nnen als nicht gef\u00e4hrliche Abf\u00e4lle entsorgt werden, wenn es sich um ein Gefahrstoff handelt, der nur eine \u00e4tzende Wirkung aufweist, vollst\u00e4ndig neutralisiert wurde (Wiederannahme einer gelben Farbe des Gemisches) und auf der Liste der herabstufbaren Produkte ist. Liste auf unserer Website einsehbar (Link zur Liste der herabstufbaren Produkte).<\/p>\n\n<\/div>\n<\/div>\n<\/div>\n<\/div>\n\n\n<div class=\"wp-block-rank-math-toc-block\" id=\"rank-math-toc\"><h2>FAQ<\/h2><nav><ul><li class=\"\"><a href=\"#faq-question-1677247686725\">In meinem Betrieb wird mit mehreren Chemikalien gearbeitet, welche Ausr\u00fcstung empfehlen Sie mir?<\/a><\/li><li class=\"\"><a href=\"#faq-question-1677247701313\">Wie erhalte ich genaue Informationen \u00fcber das Risiko der versch\u00fctteten Stoffe?<\/a><\/li><li class=\"\"><a href=\"#faq-question-1677247903940\">Was tun, wenn das neutralisierende Absorptionsmittel (ACICAPTAL\u00ae, BASICAPTAL\u00ae oder TRIVOREX\u00ae) rosa oder blau bleibt ?<\/a><\/li><li class=\"\"><a href=\"#faq-question-1677247904634\">Was passiert, wenn ich das neutralisierende Absorptionsmittel ACICAPTAL\u00ae auf einer Lauge verwende?<\/a><\/li><li class=\"\"><a href=\"#faq-question-1677247905293\">Was passiert, wenn ich das neutralisierende Absorptionsmittel BASICAPTAL\u00ae auf einer S\u00e4ure verwende ?<\/a><\/li><li class=\"\"><a href=\"#faq-question-1677247906217\">Setzen die Absorptionsmittel von PREVOR die Fl\u00fcssigkeiten wieder frei?<\/a><\/li><li class=\"\"><a href=\"#faq-question-1677247907613\">Sind R\u00fcckst\u00e4nde eines entz\u00fcndbaren Stoffs auch nach der Absorption weiterhin entz\u00fcndbar?<\/a><\/li><li class=\"\"><a href=\"#faq-question-1677247908580\">Haben die Absorptionsmittel von PREVOR ein Verfalldatum?<\/a><\/li><li class=\"\"><a href=\"#faq-question-1677247909375\">K\u00f6nnen chemische Stoffe, die durch ACICAPTAL\u00ae oder BASICAPTAL\u00ae neutralisiert wurden, als nicht gef\u00e4hrliche Abf\u00e4lle entsorgt werden?<\/a><\/li><li class=\"\"><a href=\"#faq-question-1677247910177\">Kann die Dekontaminationsl\u00f6sung LeVert auf menschlicher Haut verwendet werden?<\/a><\/li><li class=\"\"><a href=\"#faq-question-1677247910949\">Unter welchen Bedingungen kann ein durch TRIVOREX\u00ae neutralisierter Gefahrstoff als nicht gef\u00e4hrlicher Abfall (ngA) entsorgt werden?<\/a><\/li><\/ul><\/nav><\/div>","protected":false},"excerpt":{"rendered":"","protected":false},"author":3,"featured_media":7884,"parent":0,"menu_order":0,"comment_status":"closed","ping_status":"closed","template":"","meta":{"_acf_changed":false,"footnotes":""},"class_list":["post-140","page","type-page","status-publish","has-post-thumbnail","hentry"],"acf":[],"_links":{"self":[{"href":"https:\/\/environnement.prevor.com\/de\/wp-json\/wp\/v2\/pages\/140","targetHints":{"allow":["GET"]}}],"collection":[{"href":"https:\/\/environnement.prevor.com\/de\/wp-json\/wp\/v2\/pages"}],"about":[{"href":"https:\/\/environnement.prevor.com\/de\/wp-json\/wp\/v2\/types\/page"}],"author":[{"embeddable":true,"href":"https:\/\/environnement.prevor.com\/de\/wp-json\/wp\/v2\/users\/3"}],"replies":[{"embeddable":true,"href":"https:\/\/environnement.prevor.com\/de\/wp-json\/wp\/v2\/comments?post=140"}],"version-history":[{"count":0,"href":"https:\/\/environnement.prevor.com\/de\/wp-json\/wp\/v2\/pages\/140\/revisions"}],"wp:featuredmedia":[{"embeddable":true,"href":"https:\/\/environnement.prevor.com\/de\/wp-json\/wp\/v2\/media\/7884"}],"wp:attachment":[{"href":"https:\/\/environnement.prevor.com\/de\/wp-json\/wp\/v2\/media?parent=140"}],"curies":[{"name":"wp","href":"https:\/\/api.w.org\/{rel}","templated":true}]}}