{"id":61,"date":"2023-01-23T14:40:53","date_gmt":"2023-01-23T14:40:53","guid":{"rendered":"https:\/\/environnement.prevor.com\/?post_type=products&#038;p=61"},"modified":"2023-11-22T14:27:28","modified_gmt":"2023-11-22T14:27:28","slug":"chemical-decontaminant-safurex","status":"publish","type":"product","link":"https:\/\/environnement.prevor.com\/de\/product\/chemical-decontaminant-safurex\/","title":{"rendered":"SAFUREX\u00ae"},"excerpt":{"rendered":"<p>Dekontaminierungsl\u00f6sung f\u00fcr \u00e4tzende und f\u00fcr fluoridhaltige Chemikalien.<\/p>","protected":false},"featured_media":60,"template":"","product_categories":[25,42],"class_list":["post-61","product","type-product","status-publish","has-post-thumbnail","hentry","product_categories-chemical-decontaminants","product_categories-safurex"],"acf":[],"_links":{"self":[{"href":"https:\/\/environnement.prevor.com\/de\/wp-json\/wp\/v2\/product\/61","targetHints":{"allow":["GET"]}}],"collection":[{"href":"https:\/\/environnement.prevor.com\/de\/wp-json\/wp\/v2\/product"}],"about":[{"href":"https:\/\/environnement.prevor.com\/de\/wp-json\/wp\/v2\/types\/product"}],"version-history":[{"count":0,"href":"https:\/\/environnement.prevor.com\/de\/wp-json\/wp\/v2\/product\/61\/revisions"}],"wp:featuredmedia":[{"embeddable":true,"href":"https:\/\/environnement.prevor.com\/de\/wp-json\/wp\/v2\/media\/60"}],"wp:attachment":[{"href":"https:\/\/environnement.prevor.com\/de\/wp-json\/wp\/v2\/media?parent=61"}],"wp:term":[{"taxonomy":"product_categories","embeddable":true,"href":"https:\/\/environnement.prevor.com\/de\/wp-json\/wp\/v2\/product_categories?post=61"}],"curies":[{"name":"wp","href":"https:\/\/api.w.org\/{rel}","templated":true}]}}