{"id":140,"date":"2023-01-24T10:56:37","date_gmt":"2023-01-24T10:56:37","guid":{"rendered":"https:\/\/environnement.prevor.com\/?page_id=140"},"modified":"2023-11-22T09:15:24","modified_gmt":"2023-11-22T09:15:24","slug":"preguntas-frecuentes","status":"publish","type":"page","link":"https:\/\/environnement.prevor.com\/es\/frequently-asked-questions-faq\/","title":{"rendered":"Preguntas frecuentes"},"content":{"rendered":"<div id=\"rank-math-faq\" class=\"rank-math-block\">\n<div class=\"rank-math-list\">\n<div id=\"faq-question-1677247686725\" class=\"rank-math-list-item\">\n<h3 class=\"rank-math-question\">Tengo varios productos qu\u00edmicos en mi empresa, \u00bfqu\u00e9 equipo me recomiendan?<\/h3>\n<div class=\"rank-math-answer\">\n\n<p>In order to simplify your safety protocols and your purchases, we recommend the <a href=\"https:\/\/environnement.prevor.com\/es\/producto\/trivorex\/\">TRIVOREX\u00ae<\/a> neutralizing absorbent, a versatile solution for all types of chemical spills, even very hazardous.<br \/>Or you can do the <a href=\"https:\/\/environnement.prevor.com\/es\/inicie-su-diagnostico\/\">spill diagnosis<\/a>!<\/p>\n\n<\/div>\n<\/div>\n<div id=\"faq-question-1677247701313\" class=\"rank-math-list-item\">\n<h3 class=\"rank-math-question\">\u00bfC\u00f3mo puedo obtener informaci\u00f3n precisa sobre el riesgo de mis productos vertidos?<\/h3>\n<div class=\"rank-math-answer\">\n\n<p>Consultando la FDS (Ficha de Datos de Seguridad) suministrada con el producto, documento obligatorio si se trata de un producto qu\u00edmico.<\/p>\n\n<\/div>\n<\/div>\n<div id=\"faq-question-1677247903940\" class=\"rank-math-list-item\">\n<h3 class=\"rank-math-question\">\u00bfQu\u00e9 ocurre si el absorbente neutralizante (ACICAPTAL\u00ae, BASICAPTAL\u00ae o TRIVOREX\u00ae) permanece de color rosa o azul?<\/h3>\n<div class=\"rank-math-answer\">\n\n<p class=\"translation-block\">Es posible que el producto qu\u00edmico derramado est\u00e9 demasiado concentrado para que se inicie la reacci\u00f3n de neutralizaci\u00f3n. Basta con mojar el absorbente con <a href=\"\/es\/productos\/levert\/\">LeVert<\/a> (o agua) para acelerar y completar el proceso de neutralizaci\u00f3n.<\/p>\n\n<\/div>\n<\/div>\n<div id=\"faq-question-1677247904634\" class=\"rank-math-list-item\">\n<h3 class=\"rank-math-question\">\u00bfQu\u00e9 ocurre si utilizo el absorbente neutralizante ACICAPTAL\u00ae sobre una base?<\/h3>\n<div class=\"rank-math-answer\">\n\n<p>El producto b\u00e1sico se absorber\u00e1 y el polvo se volver\u00e1 azul para indicar el peligro, sin neutralizaci\u00f3n. No habr\u00e1 reacciones qu\u00edmicas peligrosas.<\/p>\n\n<\/div>\n<\/div>\n<div id=\"faq-question-1677247905293\" class=\"rank-math-list-item\">\n<h3 class=\"rank-math-question\">\u00bfQu\u00e9 ocurre si utilizo el absorbente neutralizante BASICAPTAL\u00ae sobre un \u00e1cido?<\/h3>\n<div class=\"rank-math-answer\">\n\n<p>El producto \u00e1cido se absorber\u00e1 y el polvo se volver\u00e1 rosa para indicar el peligro, sin neutralizaci\u00f3n. No habr\u00e1 reacciones qu\u00edmicas peligrosas.<\/p>\n\n<\/div>\n<\/div>\n<div id=\"faq-question-1677247906217\" class=\"rank-math-list-item\">\n<h3 class=\"rank-math-question\">\u00bfLos absorbentes PREVOR liberan l\u00edquidos?<\/h3>\n<div class=\"rank-math-answer\">\n\n<p>Ninguno de nuestros absorbentes libera los l\u00edquidos ya absorbidos, gracias a su capacidad de solidificaci\u00f3n tras la absorci\u00f3n.<\/p>\n\n<\/div>\n<\/div>\n<div id=\"faq-question-1677247907613\" class=\"rank-math-list-item\">\n<h3 class=\"rank-math-question\">\u00bfSiguen siendo inflamables los residuos de un producto qu\u00edmico inflamable despu\u00e9s de su absorci\u00f3n?<\/h3>\n<div class=\"rank-math-answer\">\n\n<p>Despu\u00e9s de absorber un vertido de un producto inflamable, el riesgo se reducir\u00e1, pero el residuo seguir\u00e1 siendo inflamable.<\/p>\n\n<\/div>\n<\/div>\n<div id=\"faq-question-1677247908580\" class=\"rank-math-list-item\">\n<h3 class=\"rank-math-question\">\u00bfExiste una fecha de caducidad para los absorbentes PREVOR?<\/h3>\n<div class=\"rank-math-answer\">\n\n<p>No. Si el envase est\u00e1 siempre bien cerrado, el absorbente mantiene sus propiedades absorbentes y puede utilizarse siempre.<\/p>\n\n<\/div>\n<\/div>\n<div id=\"faq-question-1677247909375\" class=\"rank-math-list-item\">\n<h3 class=\"rank-math-question\">\u00bfSe puede eliminar un producto qu\u00edmico neutralizado con ACICAPTAL\u00ae o BASICAPTAL\u00ae como residuo no peligroso?<\/h3>\n<div class=\"rank-math-answer\">\n\n<p class=\"translation-block\">Solo algunos productos corrosivos neutralizados por<a href=\"\/es\/productos\/trivorex\/\"> TRIVOREX\u00ae<\/a> se pueden eliminar como residuos no peligrosos (RNP). V\u00e9ase la lista de productos desclasificables.<\/p>\n\n<\/div>\n<\/div>\n<div id=\"faq-question-1677247910177\" class=\"rank-math-list-item\">\n<h3 class=\"rank-math-question\">\u00bfSe puede utilizar el descontaminante qu\u00edmico LeVert en personas?<\/h3>\n<div class=\"rank-math-answer\">\n\n<p class=\"translation-block\">El descontaminante qu\u00edmico <a href=\"\/es\/productos\/levert\/\">LeVert<\/a> puede utilizarse en los equipos de protecci\u00f3n individual (EPI), pero no debe utilizarse en la piel ni en las mucosas. En caso de lesiones qu\u00edmicas, existen soluciones adaptadas. Recomendamos la soluci\u00f3n <a href=\"https:\/\/www.prevor.com\/fr\/benefices-de-la-solution-diphoterine\/\">DIPHOTERINE\u00ae<\/a>.<\/p>\n\n<\/div>\n<\/div>\n<div id=\"faq-question-1677247910949\" class=\"rank-math-list-item\">\n<h3 class=\"rank-math-question\">\u00bfEn qu\u00e9 condiciones se puede eliminar un producto qu\u00edmico neutralizado con TRIVOREX\u00ae como residuo no peligroso (RNP)?<\/h3>\n<div class=\"rank-math-answer\">\n\n<p class=\"translation-block\">Los residuos formados por <a href=\"\/es\/productos\/trivorex\/\">TRIVOREX\u00ae<\/a> que pueden eliminarse como residuos no peligrosos son productos qu\u00edmicos que solo son de naturaleza corrosiva y han sido completamente neutralizados (volver al color amarillo de la mezcla). La lista de productos desclasificables est\u00e1 disponible en nuestro sitio web.<\/p>\n\n<\/div>\n<\/div>\n<\/div>\n<\/div>\n\n\n<div class=\"wp-block-rank-math-toc-block\" id=\"rank-math-toc\"><h2>FAQ<\/h2><nav><ul><li class=\"\"><a href=\"#faq-question-1677247686725\">Tengo varios productos qu\u00edmicos en mi empresa, \u00bfqu\u00e9 equipo me recomiendan?<\/a><\/li><li class=\"\"><a href=\"#faq-question-1677247701313\">\u00bfC\u00f3mo puedo obtener informaci\u00f3n precisa sobre el riesgo de mis productos vertidos?<\/a><\/li><li class=\"\"><a href=\"#faq-question-1677247903940\">\u00bfQu\u00e9 ocurre si el absorbente neutralizante (ACICAPTAL\u00ae, BASICAPTAL\u00ae o TRIVOREX\u00ae) permanece de color rosa o azul?<\/a><\/li><li class=\"\"><a href=\"#faq-question-1677247904634\">\u00bfQu\u00e9 ocurre si utilizo el absorbente neutralizante ACICAPTAL\u00ae sobre una base?<\/a><\/li><li class=\"\"><a href=\"#faq-question-1677247905293\">\u00bfQu\u00e9 ocurre si utilizo el absorbente neutralizante BASICAPTAL\u00ae sobre un \u00e1cido?<\/a><\/li><li class=\"\"><a href=\"#faq-question-1677247906217\">\u00bfLos absorbentes PREVOR liberan l\u00edquidos?<\/a><\/li><li class=\"\"><a href=\"#faq-question-1677247907613\">\u00bfSiguen siendo inflamables los residuos de un producto qu\u00edmico inflamable despu\u00e9s de su absorci\u00f3n?<\/a><\/li><li class=\"\"><a href=\"#faq-question-1677247908580\">\u00bfExiste una fecha de caducidad para los absorbentes PREVOR?<\/a><\/li><li class=\"\"><a href=\"#faq-question-1677247909375\">\u00bfSe puede eliminar un producto qu\u00edmico neutralizado con ACICAPTAL\u00ae o BASICAPTAL\u00ae como residuo no peligroso?<\/a><\/li><li class=\"\"><a href=\"#faq-question-1677247910177\">\u00bfSe puede utilizar el descontaminante qu\u00edmico LeVert en personas?<\/a><\/li><li class=\"\"><a href=\"#faq-question-1677247910949\">\u00bfEn qu\u00e9 condiciones se puede eliminar un producto qu\u00edmico neutralizado con TRIVOREX\u00ae como residuo no peligroso (RNP)?<\/a><\/li><\/ul><\/nav><\/div>","protected":false},"excerpt":{"rendered":"","protected":false},"author":3,"featured_media":7884,"parent":0,"menu_order":0,"comment_status":"closed","ping_status":"closed","template":"","meta":{"_acf_changed":false,"footnotes":""},"class_list":["post-140","page","type-page","status-publish","has-post-thumbnail","hentry"],"acf":[],"_links":{"self":[{"href":"https:\/\/environnement.prevor.com\/es\/wp-json\/wp\/v2\/pages\/140","targetHints":{"allow":["GET"]}}],"collection":[{"href":"https:\/\/environnement.prevor.com\/es\/wp-json\/wp\/v2\/pages"}],"about":[{"href":"https:\/\/environnement.prevor.com\/es\/wp-json\/wp\/v2\/types\/page"}],"author":[{"embeddable":true,"href":"https:\/\/environnement.prevor.com\/es\/wp-json\/wp\/v2\/users\/3"}],"replies":[{"embeddable":true,"href":"https:\/\/environnement.prevor.com\/es\/wp-json\/wp\/v2\/comments?post=140"}],"version-history":[{"count":0,"href":"https:\/\/environnement.prevor.com\/es\/wp-json\/wp\/v2\/pages\/140\/revisions"}],"wp:featuredmedia":[{"embeddable":true,"href":"https:\/\/environnement.prevor.com\/es\/wp-json\/wp\/v2\/media\/7884"}],"wp:attachment":[{"href":"https:\/\/environnement.prevor.com\/es\/wp-json\/wp\/v2\/media?parent=140"}],"curies":[{"name":"wp","href":"https:\/\/api.w.org\/{rel}","templated":true}]}}