{"id":62,"date":"2023-01-23T14:41:21","date_gmt":"2023-01-23T14:41:21","guid":{"rendered":"https:\/\/environnement.prevor.com\/?post_type=products&#038;p=62"},"modified":"2023-11-22T14:27:07","modified_gmt":"2023-11-22T14:27:07","slug":"descontaminante-quimico-levert-hf","status":"publish","type":"product","link":"https:\/\/environnement.prevor.com\/es\/product\/chemical-decontaminant-levert-hf\/","title":{"rendered":"LeVert HF"},"excerpt":{"rendered":"<p>Descontaminante qu\u00edmico l\u00edquido contra el \u00e1cido fluorh\u00eddrico o sus derivados<\/p>","protected":false},"featured_media":58,"template":"","product_categories":[25,40],"class_list":["post-62","product","type-product","status-publish","has-post-thumbnail","hentry","product_categories-chemical-decontaminants","product_categories-levert-hf"],"acf":[],"_links":{"self":[{"href":"https:\/\/environnement.prevor.com\/es\/wp-json\/wp\/v2\/product\/62","targetHints":{"allow":["GET"]}}],"collection":[{"href":"https:\/\/environnement.prevor.com\/es\/wp-json\/wp\/v2\/product"}],"about":[{"href":"https:\/\/environnement.prevor.com\/es\/wp-json\/wp\/v2\/types\/product"}],"version-history":[{"count":0,"href":"https:\/\/environnement.prevor.com\/es\/wp-json\/wp\/v2\/product\/62\/revisions"}],"wp:featuredmedia":[{"embeddable":true,"href":"https:\/\/environnement.prevor.com\/es\/wp-json\/wp\/v2\/media\/58"}],"wp:attachment":[{"href":"https:\/\/environnement.prevor.com\/es\/wp-json\/wp\/v2\/media?parent=62"}],"wp:term":[{"taxonomy":"product_categories","embeddable":true,"href":"https:\/\/environnement.prevor.com\/es\/wp-json\/wp\/v2\/product_categories?post=62"}],"curies":[{"name":"wp","href":"https:\/\/api.w.org\/{rel}","templated":true}]}}