{"id":63,"date":"2023-01-23T14:41:42","date_gmt":"2023-01-23T14:41:42","guid":{"rendered":"https:\/\/environnement.prevor.com\/?post_type=products&#038;p=63"},"modified":"2023-11-22T14:20:29","modified_gmt":"2023-11-22T14:20:29","slug":"descontaminante-quimico-levert","status":"publish","type":"product","link":"https:\/\/environnement.prevor.com\/es\/product\/chemical-decontaminant-levert\/","title":{"rendered":"LeVert"},"excerpt":{"rendered":"<p>Descontaminante qu\u00edmico l\u00edquido contra productos qu\u00edmicos corrosivos.<\/p>","protected":false},"featured_media":48,"template":"","product_categories":[25,26],"class_list":["post-63","product","type-product","status-publish","has-post-thumbnail","hentry","product_categories-chemical-decontaminants","product_categories-levert-en"],"acf":[],"_links":{"self":[{"href":"https:\/\/environnement.prevor.com\/es\/wp-json\/wp\/v2\/product\/63","targetHints":{"allow":["GET"]}}],"collection":[{"href":"https:\/\/environnement.prevor.com\/es\/wp-json\/wp\/v2\/product"}],"about":[{"href":"https:\/\/environnement.prevor.com\/es\/wp-json\/wp\/v2\/types\/product"}],"version-history":[{"count":0,"href":"https:\/\/environnement.prevor.com\/es\/wp-json\/wp\/v2\/product\/63\/revisions"}],"wp:featuredmedia":[{"embeddable":true,"href":"https:\/\/environnement.prevor.com\/es\/wp-json\/wp\/v2\/media\/48"}],"wp:attachment":[{"href":"https:\/\/environnement.prevor.com\/es\/wp-json\/wp\/v2\/media?parent=63"}],"wp:term":[{"taxonomy":"product_categories","embeddable":true,"href":"https:\/\/environnement.prevor.com\/es\/wp-json\/wp\/v2\/product_categories?post=63"}],"curies":[{"name":"wp","href":"https:\/\/api.w.org\/{rel}","templated":true}]}}