{"id":140,"date":"2023-01-24T10:56:37","date_gmt":"2023-01-24T10:56:37","guid":{"rendered":"https:\/\/environnement.prevor.com\/?page_id=140"},"modified":"2023-11-22T09:15:24","modified_gmt":"2023-11-22T09:15:24","slug":"foire-aux-questions-faq","status":"publish","type":"page","link":"https:\/\/environnement.prevor.com\/fr\/frequently-asked-questions-faq\/","title":{"rendered":"Foire aux questions (FAQ)"},"content":{"rendered":"<div id=\"rank-math-faq\" class=\"rank-math-block\">\n<div class=\"rank-math-list\">\n<div id=\"faq-question-1677247686725\" class=\"rank-math-list-item\">\n<h3 class=\"rank-math-question\">J'ai plusieurs produits chimiques dans mon entreprise, que me conseillez-vous comme \u00e9quipement ?<\/h3>\n<div class=\"rank-math-answer\">\n\n<p>In order to simplify your safety protocols and your purchases, we recommend the <a href=\"https:\/\/environnement.prevor.com\/fr\/produit\/trivorex\/\">TRIVOREX\u00ae<\/a> neutralizing absorbent, a versatile solution for all types of chemical spills, even very hazardous.<br \/>Or you can do the <a href=\"https:\/\/environnement.prevor.com\/fr\/demarrer-votre-diagnostic-deversement\/\">spill diagnosis<\/a>!<\/p>\n\n<\/div>\n<\/div>\n<div id=\"faq-question-1677247701313\" class=\"rank-math-list-item\">\n<h3 class=\"rank-math-question\">Comment avoir l'information exacte du risque de mes produits d\u00e9vers\u00e9s ?<\/h3>\n<div class=\"rank-math-answer\">\n\n<p>En consultant la FDS (Fiche de Donn\u00e9es de S\u00e9curit\u00e9) fournie avec le produit, document obligatoire s'il s'agit d'un produit chimique.<\/p>\n\n<\/div>\n<\/div>\n<div id=\"faq-question-1677247903940\" class=\"rank-math-list-item\">\n<h3 class=\"rank-math-question\">Que faire si l'absorbant neutralisant (ACICAPTAL\u00ae, BASICAPTAL\u00ae ou TRIVOREX\u00ae) reste rose ou bleu ?<\/h3>\n<div class=\"rank-math-answer\">\n\n<p class=\"translation-block\">Il est possible que le produit chimique d\u00e9vers\u00e9 soit trop concentr\u00e9 pour que la r\u00e9action de neutralisation soit initi\u00e9e. Il suffit alors de mouiller l'absorbant avec <a href=\"\/fr\/produits\/levert\/\">LeVert<\/a> (ou \u00e0 d\u00e9faut l'eau) pour acc\u00e9l\u00e9rer et terminer le processus de neutralisation.<\/p>\n\n<\/div>\n<\/div>\n<div id=\"faq-question-1677247904634\" class=\"rank-math-list-item\">\n<h3 class=\"rank-math-question\">Que se passe-t-il si j'utilise l'absorbant neutralisant ACICAPTAL\u00ae sur une base ?<\/h3>\n<div class=\"rank-math-answer\">\n\n<p>Le produit basique sera absorb\u00e9 et la poudre deviendra bleue pour indiquer le danger, sans qu'il y ait de neutralisation. Il n'y aura aucune r\u00e9action chimique dangereuse.<\/p>\n\n<\/div>\n<\/div>\n<div id=\"faq-question-1677247905293\" class=\"rank-math-list-item\">\n<h3 class=\"rank-math-question\">Que se passe-t-il si j'utilise l'absorbant neutralisant BASICAPTAL\u00ae sur un acide ?<\/h3>\n<div class=\"rank-math-answer\">\n\n<p>Le produit acide sera absorb\u00e9 et la poudre deviendra rose pour indiquer le danger, sans qu'il y ait de neutralisation. Il n'y aura aucune r\u00e9action chimique dangereuse.<\/p>\n\n<\/div>\n<\/div>\n<div id=\"faq-question-1677247906217\" class=\"rank-math-list-item\">\n<h3 class=\"rank-math-question\">Les absorbants Prevor relarguent-ils les liquides ?<\/h3>\n<div class=\"rank-math-answer\">\n\n<p>Aucun de nos absorbants ne relargue les liquides d\u00e9j\u00e0 absorb\u00e9s, gr\u00e2ce \u00e0 leur capacit\u00e9 de solidification apr\u00e8s absorption.<\/p>\n\n<\/div>\n<\/div>\n<div id=\"faq-question-1677247907613\" class=\"rank-math-list-item\">\n<h3 class=\"rank-math-question\">Le r\u00e9sidu d'un produit chimique inflammable est-il toujours inflammable apr\u00e8s absorption ?<\/h3>\n<div class=\"rank-math-answer\">\n\n<p>Apr\u00e8s absorption d'un d\u00e9versement d'un produit inflammable le risque sera diminu\u00e9, mais le r\u00e9sidu sera toujours inflammable.<\/p>\n\n<\/div>\n<\/div>\n<div id=\"faq-question-1677247908580\" class=\"rank-math-list-item\">\n<h3 class=\"rank-math-question\">Est-ce qu'il existe une date de p\u00e9remption pour les absorbants Prevor ?<\/h3>\n<div class=\"rank-math-answer\">\n\n<p>Non. Si l'emballage est toujours bien ferm\u00e9, l'absorbant garde ses propri\u00e9t\u00e9s absorbantes et peut toujours \u00eatre utilis\u00e9.<\/p>\n\n<\/div>\n<\/div>\n<div id=\"faq-question-1677247909375\" class=\"rank-math-list-item\">\n<h3 class=\"rank-math-question\">Peut-on jeter comme D\u00e9chets Non Dangereux un produit chimique neutralis\u00e9 par de ACICAPTAL\u00ae ou du BASICAPTAL\u00ae ?<\/h3>\n<div class=\"rank-math-answer\">\n\n<p class=\"translation-block\">Seuls certains produits corrosifs neutralis\u00e9s par le <a href=\"\/fr\/produits\/trivorex\/\">TRIVOREX\u00ae<\/a> peuvent \u00eatre \u00e9vacu\u00e9s comme des d\u00e9chets non dangereux (DIB). Voir liste des produits d\u00e9classifiables.<\/p>\n\n<\/div>\n<\/div>\n<div id=\"faq-question-1677247910177\" class=\"rank-math-list-item\">\n<h3 class=\"rank-math-question\">Peut-on utiliser le d\u00e9contaminant chimique LeVert sur l\u2019Homme ?<\/h3>\n<div class=\"rank-math-answer\">\n\n<p class=\"translation-block\">Le d\u00e9contaminant chimique <a href=\"\/fr\/produits\/levert\/\">LeVert<\/a> s\u2019utilise sur les \u00e9quipements de protection individuels (EPI) mais ne doit pas \u00eatre utilis\u00e9 sur la peau ou les muqueuses. En cas de l\u00e9sions chimiques, des solutions adapt\u00e9es existent. Nous vous conseillons la <a href=\"https:\/\/www.prevor.com\/fr\/la-solution-diphoterine-decontamination-des-lesions-chimiques\/\">solution DIPHOTERINE\u00ae<\/a>.<\/p>\n\n<\/div>\n<\/div>\n<div id=\"faq-question-1677247910949\" class=\"rank-math-list-item\">\n<h3 class=\"rank-math-question\">Sous quelles conditions peut-on jeter un produit chimique neutralis\u00e9 par du TRIVOREX\u00ae comme un d\u00e9chet non dangereux (DIB) ?<\/h3>\n<div class=\"rank-math-answer\">\n\n<p class=\"translation-block\">Les d\u00e9chets form\u00e9s par le <a href=\"\/fr\/produits\/trivorex\/\">TRIVOREX\u00ae<\/a> que l\u2019on peut \u00e9vacuer comme des D\u00e9chets Non Dangereux sont les produits chimiques qui pr\u00e9sentent seulement un caract\u00e8re corrosif et qui ont \u00e9t\u00e9 totalement neutralis\u00e9s (retour \u00e0 la couleur jaune du m\u00e9lange). La liste des produits d\u00e9classifiables est consultable sur notre site.<\/p>\n\n<\/div>\n<\/div>\n<\/div>\n<\/div>\n\n\n<div class=\"wp-block-rank-math-toc-block\" id=\"rank-math-toc\"><h2>FAQ<\/h2><nav><ul><li class=\"\"><a href=\"#faq-question-1677247686725\">J'ai plusieurs produits chimiques dans mon entreprise, que me conseillez-vous comme \u00e9quipement ?<\/a><\/li><li class=\"\"><a href=\"#faq-question-1677247701313\">Comment avoir l'information exacte du risque de mes produits d\u00e9vers\u00e9s ?<\/a><\/li><li class=\"\"><a href=\"#faq-question-1677247903940\">Que faire si l'absorbant neutralisant (ACICAPTAL\u00ae, BASICAPTAL\u00ae ou TRIVOREX\u00ae) reste rose ou bleu ?<\/a><\/li><li class=\"\"><a href=\"#faq-question-1677247904634\">Que se passe-t-il si j'utilise l'absorbant neutralisant ACICAPTAL\u00ae sur une base ?<\/a><\/li><li class=\"\"><a href=\"#faq-question-1677247905293\">Que se passe-t-il si j'utilise l'absorbant neutralisant BASICAPTAL\u00ae sur un acide ?<\/a><\/li><li class=\"\"><a href=\"#faq-question-1677247906217\">Les absorbants Prevor relarguent-ils les liquides ?<\/a><\/li><li class=\"\"><a href=\"#faq-question-1677247907613\">Le r\u00e9sidu d'un produit chimique inflammable est-il toujours inflammable apr\u00e8s absorption ?<\/a><\/li><li class=\"\"><a href=\"#faq-question-1677247908580\">Est-ce qu'il existe une date de p\u00e9remption pour les absorbants Prevor ?<\/a><\/li><li class=\"\"><a href=\"#faq-question-1677247909375\">Peut-on jeter comme D\u00e9chets Non Dangereux un produit chimique neutralis\u00e9 par de ACICAPTAL\u00ae ou du BASICAPTAL\u00ae ?<\/a><\/li><li class=\"\"><a href=\"#faq-question-1677247910177\">Peut-on utiliser le d\u00e9contaminant chimique LeVert sur l\u2019Homme ?<\/a><\/li><li class=\"\"><a href=\"#faq-question-1677247910949\">Sous quelles conditions peut-on jeter un produit chimique neutralis\u00e9 par du TRIVOREX\u00ae comme un d\u00e9chet non dangereux (DIB) ?<\/a><\/li><\/ul><\/nav><\/div>","protected":false},"excerpt":{"rendered":"","protected":false},"author":3,"featured_media":7884,"parent":0,"menu_order":0,"comment_status":"closed","ping_status":"closed","template":"","meta":{"_acf_changed":false,"footnotes":""},"class_list":["post-140","page","type-page","status-publish","has-post-thumbnail","hentry"],"acf":[],"_links":{"self":[{"href":"https:\/\/environnement.prevor.com\/fr\/wp-json\/wp\/v2\/pages\/140","targetHints":{"allow":["GET"]}}],"collection":[{"href":"https:\/\/environnement.prevor.com\/fr\/wp-json\/wp\/v2\/pages"}],"about":[{"href":"https:\/\/environnement.prevor.com\/fr\/wp-json\/wp\/v2\/types\/page"}],"author":[{"embeddable":true,"href":"https:\/\/environnement.prevor.com\/fr\/wp-json\/wp\/v2\/users\/3"}],"replies":[{"embeddable":true,"href":"https:\/\/environnement.prevor.com\/fr\/wp-json\/wp\/v2\/comments?post=140"}],"version-history":[{"count":0,"href":"https:\/\/environnement.prevor.com\/fr\/wp-json\/wp\/v2\/pages\/140\/revisions"}],"wp:featuredmedia":[{"embeddable":true,"href":"https:\/\/environnement.prevor.com\/fr\/wp-json\/wp\/v2\/media\/7884"}],"wp:attachment":[{"href":"https:\/\/environnement.prevor.com\/fr\/wp-json\/wp\/v2\/media?parent=140"}],"curies":[{"name":"wp","href":"https:\/\/api.w.org\/{rel}","templated":true}]}}